{"id":45,"date":"2023-04-09T18:37:43","date_gmt":"2023-04-09T18:37:43","guid":{"rendered":"http:\/\/341009.webhosting38.1blu.de\/?page_id=45"},"modified":"2026-04-07T17:38:28","modified_gmt":"2026-04-07T17:38:28","slug":"start","status":"publish","type":"page","link":"https:\/\/www.team-olm.de\/","title":{"rendered":"Start"},"content":{"rendered":"<div class=\"brz brz-root__container brz-reset-all brz-root__container-page\">\n<section id=\"yctyizultbhsnynxjdretztadwswbndbcxyl_yctyizultbhsnynxjdretztadwswbndbcxyl\" class=\"brz-section brz-css-d-section brz-css-1whrfue\">\n<div class=\"brz-section__content brz-section--boxed brz-css-d-sectionitem-bg brz-css-1k88zre\" data-brz-custom-id=\"jxmkrqgtcsepgsoiowdonmxzeijsfyzzxojp\">\n<div class=\"brz-container brz-css-d-sectionitem-container brz-css-u0ui4y\">\n<div id=\"\" class=\"brz-css-d-wrapper brz-css-3imzv6 brz-wrapper\">\n<div class=\"brz-rich-text brz-rich-text__custom brz-css-d-richtext brz-css-7j9gpv\" data-brz-custom-id=\"rjgsolfkuqpmrwxewazuinyfgccltguhmqvr\">\n<div data-brz-translate-text=\"1\">\n<p class=\"brz-text-lg-right brz-tp-lg-paragraph brz-css-mmolL\" data-generated-css=\"brz-css-ljX2S\" data-uniq-id=\"zXgBO\"><a class=\"link--external brz-cp-color7\" href=\"https:\/\/www.team-olm.de\/\" data-brz-link-type=\"external\">Start<\/a>\t<a class=\"link--external\" href=\"https:\/\/www.kleinanzeigen.de\/s-bestandsliste.html?userId=87120251\" data-brz-link-type=\"external\" target=\"_blank\" rel=\"noreferrer noopener\">unsere Angebote<\/a>\t<a class=\"link--external\" href=\"https:\/\/www.instagram.com\/olmteam\/\" data-brz-link-type=\"external\" target=\"_blank\" rel=\"noreferrer noopener\">Instagram<\/a>\t<a class=\"link--external\" href=\"\/?page_id=69\" data-brz-link-type=\"external\">Kontakt<\/a><\/p>\n<\/div>\n<\/div>\n<\/div>\n<div id=\"\" class=\"brz-css-d-wrapper brz-css-mlm9uj brz-wrapper\">\n<div class=\"brz-rich-text brz-rich-text__custom brz-css-d-richtext brz-css-bfjyz2\" data-brz-custom-id=\"grxkfxxhmufrjucapcolkslktemyjudgjmcx\">\n<div data-brz-translate-text=\"1\">\n<h1 class=\"brz-tp-lg-heading1 brz-text-lg-center brz-css-jXIL2\" data-generated-css=\"brz-css-ifaxr\" data-uniq-id=\"jrhgh\">Herzlich Willkommen&nbsp;bei<\/h1>\n<\/div>\n<\/div>\n<\/div>\n<div id=\"\" class=\"brz-css-d-wrapper brz-css-10sn2f1 brz-wrapper\">\n<div class=\"brz-image brz-css-d-image-ibpchpzwuxuuneqohcgutgonzbqsvhjpiblx-parent brz-css-1as88ml\" data-brz-custom-id=\"ibpchpzwuxuuneqohcgutgonzbqsvhjpiblx\"><img decoding=\"async\" class=\"brz-img\" src=\"https:\/\/www.team-olm.de\/wp-content\/uploads\/brizy\/imgs\/Nur_Logo-357x348x3x0x351x348x1681062319.jpg\" loading=\"lazy\" title=\"\"><\/div>\n<\/div>\n<div id=\"\" class=\"brz-css-d-wrapper brz-css-t0z51m brz-wrapper\">\n<div class=\"brz-rich-text brz-rich-text__custom brz-css-d-richtext brz-css-1xdrg3\" data-brz-custom-id=\"kcsvleyjhwydzvwzmoygsvzderjmhgxraqhk\">\n<div data-brz-translate-text=\"1\">\n<p class=\"brz-tp-lg-paragraph brz-text-lg-center brz-css-wCC6J\" data-generated-css=\"brz-css-saoic\" data-uniq-id=\"icmgb\"><span class=\"brz-cp-color7\">Wir drucken auf Bestellung verschiedenste Geocacheverstecke. Gerne unterbreiten wir Ihnen ein Angebot f\u00fcr Ihre 3D-Daten.<\/span><\/p>\n<p class=\"brz-tp-lg-paragraph brz-text-lg-center brz-css-mRN_7\" data-generated-css=\"brz-css-nnnkb\" data-uniq-id=\"acjxi\"><span class=\"brz-cp-color7\">Wir sind ein Team von leidenschaftlichen Geocachern, deren Ziel es ist, das Geocachen&nbsp;durch unsere Produkte zu versch\u00f6nern.<\/span><\/p>\n<p class=\"brz-tp-lg-paragraph brz-text-lg-center brz-css-e5SaJ\" data-generated-css=\"brz-css-qtani\" data-uniq-id=\"xavtj\"><span class=\"brz-cp-color7\">Unsere Produkte sind f\u00fcr Geocacher konzipiert, die ihre Caches verbessern wollen.<\/span><\/p>\n<\/div>\n<\/div>\n<\/div>\n<div id=\"\" class=\"brz-css-d-wrapper brz-css-12fnisw brz-wrapper\">\n<div class=\"brz-rich-text brz-rich-text__custom brz-css-d-richtext brz-css-1pdhxa3\" data-brz-custom-id=\"exrncsjdqbkwztouemvilawwryrtsixxoodi\">\n<div data-brz-translate-text=\"1\">\n<p class=\"brz-text-lg-right brz-tp-lg-paragraph brz-css-bW9c1\" data-generated-css=\"brz-css-pnalz\" data-uniq-id=\"zwxpj\"><a class=\"brz-cp-color7 link--external\" href=\"\/?page_id=59\" data-brz-link-type=\"external\">Datenschutzerkl\u00e4rung<\/a><a class=\"link--external\" href=\"\/?page_id=59\" data-brz-link-type=\"external\">\t<\/a><a class=\"brz-cp-color7 link--external\" href=\"\/?page_id=52\" data-brz-link-type=\"external\">Impressum<\/a><\/p>\n<\/div>\n<\/div>\n<\/div>\n<\/div>\n<\/div>\n<\/section>\n<section id=\"43d36c94c7a1ec9ffcc7_qkjirkmtmiijamjxxypmwlpdynuvlgnumsot\" class=\"brz-section brz-css-f5b35y brz-css-sfs3iy\">\n<div class=\"brz-section__content brz-section--boxed brz-css-sr9zcm brz-css-16lia3o\" data-brz-custom-id=\"reiejkpnajrnmkoevcxonahoedcfigkndily\">\n<div class=\"brz-container brz-css-zqmjum brz-css-1btk2iy\"><\/div>\n<\/div>\n<\/section><\/div>\n<p><!-- version:1764182489 --><\/p>\n","protected":false},"excerpt":{"rendered":"<p>Start unsere Angebote Instagram Kontakt Herzlich Willkommen&nbsp;bei Wir drucken auf Bestellung verschiedenste Geocacheverstecke. Gerne unterbreiten wir Ihnen ein Angebot f\u00fcr Ihre 3D-Daten. Wir sind ein Team von leidenschaftlichen Geocachern, deren Ziel es ist, das Geocachen&nbsp;durch unsere Produkte zu versch\u00f6nern. Unsere Produkte sind f\u00fcr Geocacher konzipiert, die ihre Caches verbessern wollen. Datenschutzerkl\u00e4rung Impressum<\/p>\n","protected":false},"author":1,"featured_media":0,"parent":0,"menu_order":0,"comment_status":"closed","ping_status":"closed","template":"brizy-blank-template.php","meta":{"footnotes":""},"class_list":["post-45","page","type-page","status-publish","hentry"],"brizy_media":[{"id":15,"url":"https:\/\/www.team-olm.de\/wp-content\/uploads\/2023\/04\/Nur_Logo.jpg","name":"Nur_Logo.jpg","meta":{"brizy_attachment_uid":"wp-240f61bb745b6442a68e881678e53e94.jpg","brizy_post_uid":["a23f67275ef8282ce6e618954542fb09","6e9994fc955e5b45985a5af780154c46"]}},{"id":110,"url":"https:\/\/www.team-olm.de\/wp-content\/uploads\/2023\/06\/Nur_Logoneu.jpg","name":"Nur_Logoneu.jpg","meta":{"brizy_attachment_uid":"wp-926c8a4d3bc3a6d39dd3315cf2ac733c.jpg","brizy_post_uid":["6e9994fc955e5b45985a5af780154c46"]}}],"_links":{"self":[{"href":"https:\/\/www.team-olm.de\/index.php?rest_route=\/wp\/v2\/pages\/45","targetHints":{"allow":["GET"]}}],"collection":[{"href":"https:\/\/www.team-olm.de\/index.php?rest_route=\/wp\/v2\/pages"}],"about":[{"href":"https:\/\/www.team-olm.de\/index.php?rest_route=\/wp\/v2\/types\/page"}],"author":[{"embeddable":true,"href":"https:\/\/www.team-olm.de\/index.php?rest_route=\/wp\/v2\/users\/1"}],"replies":[{"embeddable":true,"href":"https:\/\/www.team-olm.de\/index.php?rest_route=%2Fwp%2Fv2%2Fcomments&post=45"}],"version-history":[{"count":30,"href":"https:\/\/www.team-olm.de\/index.php?rest_route=\/wp\/v2\/pages\/45\/revisions"}],"predecessor-version":[{"id":145,"href":"https:\/\/www.team-olm.de\/index.php?rest_route=\/wp\/v2\/pages\/45\/revisions\/145"}],"wp:attachment":[{"href":"https:\/\/www.team-olm.de\/index.php?rest_route=%2Fwp%2Fv2%2Fmedia&parent=45"}],"curies":[{"name":"wp","href":"https:\/\/api.w.org\/{rel}","templated":true}]}}